{"id":2543,"date":"2025-01-02T00:25:54","date_gmt":"2025-01-01T23:25:54","guid":{"rendered":"http:\/\/rodziceszkole.edu.pl\/?page_id=2543"},"modified":"2025-01-02T00:25:56","modified_gmt":"2025-01-01T23:25:56","slug":"materialy-promocyjne-akcji-1-5-podatku-dla-twojej-szkoly","status":"publish","type":"page","link":"https:\/\/rodziceszkole.edu.pl\/en\/materialy-promocyjne-akcji-1-5-podatku-dla-twojej-szkoly\/","title":{"rendered":"MATERIA\u0141Y PROMOCYJNE AKCJI 1.5% PODATKU DLA TWOJEJ SZKO\u0141Y"},"content":{"rendered":"<p>Zach\u0119camy do jak najszerszego udost\u0119pniania informacji o przyst\u0105pieniu plac\u00f3wki edukacyjnej, do akcji zbierania 1.5% podatku dla rady rodzic\u00f3w.<\/p>\n\n\n\n<p>Aby u\u0142atwi\u0107 to zadanie przygotowali\u015bmy plakat (kt\u00f3ry mo\u017cna r\u00f3wnie\u017c wydrukowa\u0107 jako ulotk\u0119), kt\u00f3ry mo\u017cna pobra\u0107 i rozpowszechni\u0107 w swoim szkolnym \u015brodowisku.<\/p>\n\n\n\n<figure class=\"wp-block-gallery columns-2 is-cropped wp-block-gallery-1 is-layout-flex wp-block-gallery-is-layout-flex\"><ul class=\"blocks-gallery-grid\"><li class=\"blocks-gallery-item\"><figure><img loading=\"lazy\" decoding=\"async\" width=\"724\" height=\"1024\" src=\"http:\/\/rodziceszkole.edu.pl\/wp-content\/uploads\/2025\/01\/1-724x1024.jpg\" alt=\"\" data-id=\"2534\" data-full-url=\"http:\/\/rodziceszkole.edu.pl\/wp-content\/uploads\/2025\/01\/1.jpg\" data-link=\"http:\/\/rodziceszkole.edu.pl\/1-3\/\" class=\"wp-image-2534\" srcset=\"https:\/\/rodziceszkole.edu.pl\/wp-content\/uploads\/2025\/01\/1-724x1024.jpg 724w, https:\/\/rodziceszkole.edu.pl\/wp-content\/uploads\/2025\/01\/1-212x300.jpg 212w, https:\/\/rodziceszkole.edu.pl\/wp-content\/uploads\/2025\/01\/1-768x1086.jpg 768w, https:\/\/rodziceszkole.edu.pl\/wp-content\/uploads\/2025\/01\/1-1086x1536.jpg 1086w, https:\/\/rodziceszkole.edu.pl\/wp-content\/uploads\/2025\/01\/1-1448x2048.jpg 1448w, https:\/\/rodziceszkole.edu.pl\/wp-content\/uploads\/2025\/01\/1-103x146.jpg 103w, https:\/\/rodziceszkole.edu.pl\/wp-content\/uploads\/2025\/01\/1-35x50.jpg 35w, https:\/\/rodziceszkole.edu.pl\/wp-content\/uploads\/2025\/01\/1-53x75.jpg 53w, https:\/\/rodziceszkole.edu.pl\/wp-content\/uploads\/2025\/01\/1.jpg 1587w\" sizes=\"auto, (max-width: 724px) 100vw, 724px\" \/><\/figure><\/li><li class=\"blocks-gallery-item\"><figure><img loading=\"lazy\" decoding=\"async\" width=\"724\" height=\"1024\" src=\"http:\/\/rodziceszkole.edu.pl\/wp-content\/uploads\/2025\/01\/2-724x1024.jpg\" alt=\"\" data-id=\"2535\" data-full-url=\"http:\/\/rodziceszkole.edu.pl\/wp-content\/uploads\/2025\/01\/2.jpg\" data-link=\"http:\/\/rodziceszkole.edu.pl\/2\/\" class=\"wp-image-2535\" srcset=\"https:\/\/rodziceszkole.edu.pl\/wp-content\/uploads\/2025\/01\/2-724x1024.jpg 724w, https:\/\/rodziceszkole.edu.pl\/wp-content\/uploads\/2025\/01\/2-212x300.jpg 212w, https:\/\/rodziceszkole.edu.pl\/wp-content\/uploads\/2025\/01\/2-768x1086.jpg 768w, https:\/\/rodziceszkole.edu.pl\/wp-content\/uploads\/2025\/01\/2-1086x1536.jpg 1086w, https:\/\/rodziceszkole.edu.pl\/wp-content\/uploads\/2025\/01\/2-1448x2048.jpg 1448w, https:\/\/rodziceszkole.edu.pl\/wp-content\/uploads\/2025\/01\/2-103x146.jpg 103w, https:\/\/rodziceszkole.edu.pl\/wp-content\/uploads\/2025\/01\/2-35x50.jpg 35w, https:\/\/rodziceszkole.edu.pl\/wp-content\/uploads\/2025\/01\/2-53x75.jpg 53w, https:\/\/rodziceszkole.edu.pl\/wp-content\/uploads\/2025\/01\/2.jpg 1587w\" sizes=\"auto, (max-width: 724px) 100vw, 724px\" \/><\/figure><\/li><\/ul><\/figure>\n\n\n\n<div class=\"wp-block-file\"><a href=\"http:\/\/rodziceszkole.edu.pl\/wp-content\/uploads\/2025\/01\/1.jpg\">Plakat strona pierwsza<\/a><a href=\"http:\/\/rodziceszkole.edu.pl\/wp-content\/uploads\/2025\/01\/1.jpg\" class=\"wp-block-file__button\" download>Pobierz<\/a><\/div>\n\n\n\n<div class=\"wp-block-file\"><a href=\"http:\/\/rodziceszkole.edu.pl\/wp-content\/uploads\/2025\/01\/2.jpg\">Plakat strona druga<\/a><a href=\"http:\/\/rodziceszkole.edu.pl\/wp-content\/uploads\/2025\/01\/2.jpg\" class=\"wp-block-file__button\" download>Pobierz<\/a><\/div>\n\n\n\n<div class=\"wp-block-file\"><a href=\"http:\/\/rodziceszkole.edu.pl\/wp-content\/uploads\/2025\/01\/plakat-2-str.pdf\">plakat 2 str PDF<\/a><a href=\"http:\/\/rodziceszkole.edu.pl\/wp-content\/uploads\/2025\/01\/plakat-2-str.pdf\" class=\"wp-block-file__button\" download>Pobierz<\/a><\/div>","protected":false},"excerpt":{"rendered":"<p>Zach\u0119camy do jak najszerszego udost\u0119pniania informacji o przyst\u0105pieniu plac\u00f3wki edukacyjnej, do akcji zbierania 1.5% podatku dla rady rodzic\u00f3w. Aby u\u0142atwi\u0107 to zadanie przygotowali\u015bmy plakat (kt\u00f3ry mo\u017cna<span class=\"excerpt-hellip\"> [\u2026]<\/span><\/p>\n","protected":false},"author":6,"featured_media":0,"parent":0,"menu_order":0,"comment_status":"closed","ping_status":"closed","template":"","meta":{"footnotes":""},"class_list":["post-2543","page","type-page","status-publish","hentry"],"_links":{"self":[{"href":"https:\/\/rodziceszkole.edu.pl\/en\/wp-json\/wp\/v2\/pages\/2543","targetHints":{"allow":["GET"]}}],"collection":[{"href":"https:\/\/rodziceszkole.edu.pl\/en\/wp-json\/wp\/v2\/pages"}],"about":[{"href":"https:\/\/rodziceszkole.edu.pl\/en\/wp-json\/wp\/v2\/types\/page"}],"author":[{"embeddable":true,"href":"https:\/\/rodziceszkole.edu.pl\/en\/wp-json\/wp\/v2\/users\/6"}],"replies":[{"embeddable":true,"href":"https:\/\/rodziceszkole.edu.pl\/en\/wp-json\/wp\/v2\/comments?post=2543"}],"version-history":[{"count":1,"href":"https:\/\/rodziceszkole.edu.pl\/en\/wp-json\/wp\/v2\/pages\/2543\/revisions"}],"predecessor-version":[{"id":2544,"href":"https:\/\/rodziceszkole.edu.pl\/en\/wp-json\/wp\/v2\/pages\/2543\/revisions\/2544"}],"wp:attachment":[{"href":"https:\/\/rodziceszkole.edu.pl\/en\/wp-json\/wp\/v2\/media?parent=2543"}],"curies":[{"name":"wp","href":"https:\/\/api.w.org\/{rel}","templated":true}]}}