{"id":2305,"date":"2022-09-16T17:19:27","date_gmt":"2022-09-16T15:19:27","guid":{"rendered":"http:\/\/rodziceszkole.edu.pl\/?page_id=2305"},"modified":"2024-11-19T22:31:11","modified_gmt":"2024-11-19T21:31:11","slug":"poradnik-dla-rad-rodzicow","status":"publish","type":"page","link":"https:\/\/rodziceszkole.edu.pl\/en\/poradnik-dla-rad-rodzicow\/","title":{"rendered":"Poradnik dla rad rodzic\u00f3w"},"content":{"rendered":"<h4 class=\"wp-block-heading\">Poradnik dost\u0119pny jest za darmo dla rad rodzic\u00f3w, kt\u00f3re bior\u0105 udzia\u0142 w programie &#8220;1,5% dla Twojej szko\u0142y&#8221;<\/h4>\n\n\n\n<p>Niniejszy poradnik, przygotowany przez Fundacj\u0119 \u201eRodzice Szkole\u201d, wskazuj\u0105c, jak za\u0142o\u017cy\u0107 i<br> prowadzi\u0107 rad\u0119 rodzic\u00f3w jest elementem szerokiego programu uspo\u0142eczniania polskiej o\u015bwiaty.<\/p>\n\n\n\n<p><br> Autorzy maj\u0105 nadziej\u0119, \u017ce b\u0119dzie on s\u0142u\u017cy\u0142 wszystkim zainteresowanym, a przede wszystkim<br> radom rodzic\u00f3w, dyrektorom i nauczycielom szk\u00f3\u0142 oraz o\u015bwiatowym pracownikom<br> samorz\u0105dowym. Zdaj\u0105c sobie spraw\u0119 z trudno\u015bci przedstawienia<br> w kr\u00f3tkim materiale tak szerokiej problematyki zainteresowanych odsy\u0142amy<br> do zamieszczonej na ko\u0144cu ksi\u0105\u017cki bibliografii.<br> \u017byczymy mi\u0142ej i owocnej lektury i zapraszamy do systematycznego odwiedzania stron<br> internetowych: www.radyrodzicow.pl i www.rodziceszkole.edu.pl oraz prosimy  o wspierania naszych dzia\u0142a\u0144 poprzez przekazywanie na rzecz Fundacji \u201eRodzice Szkole\u201d \u2013 jako organizacji po\u017cytku publicznego nr KRS 0000268115 \u2013 1 % od podatku dochodowego od os\u00f3b fizycznych.<\/p>","protected":false},"excerpt":{"rendered":"<p>Poradnik dost\u0119pny jest za darmo dla rad rodzic\u00f3w, kt\u00f3re bior\u0105 udzia\u0142 w programie &#8220;1,5% dla Twojej szko\u0142y&#8221; Niniejszy poradnik, przygotowany przez Fundacj\u0119 \u201eRodzice Szkole\u201d, wskazuj\u0105c, jak<span class=\"excerpt-hellip\"> [\u2026]<\/span><\/p>\n","protected":false},"author":6,"featured_media":0,"parent":0,"menu_order":0,"comment_status":"closed","ping_status":"closed","template":"","meta":{"footnotes":""},"class_list":["post-2305","page","type-page","status-publish","hentry"],"_links":{"self":[{"href":"https:\/\/rodziceszkole.edu.pl\/en\/wp-json\/wp\/v2\/pages\/2305","targetHints":{"allow":["GET"]}}],"collection":[{"href":"https:\/\/rodziceszkole.edu.pl\/en\/wp-json\/wp\/v2\/pages"}],"about":[{"href":"https:\/\/rodziceszkole.edu.pl\/en\/wp-json\/wp\/v2\/types\/page"}],"author":[{"embeddable":true,"href":"https:\/\/rodziceszkole.edu.pl\/en\/wp-json\/wp\/v2\/users\/6"}],"replies":[{"embeddable":true,"href":"https:\/\/rodziceszkole.edu.pl\/en\/wp-json\/wp\/v2\/comments?post=2305"}],"version-history":[{"count":15,"href":"https:\/\/rodziceszkole.edu.pl\/en\/wp-json\/wp\/v2\/pages\/2305\/revisions"}],"predecessor-version":[{"id":2523,"href":"https:\/\/rodziceszkole.edu.pl\/en\/wp-json\/wp\/v2\/pages\/2305\/revisions\/2523"}],"wp:attachment":[{"href":"https:\/\/rodziceszkole.edu.pl\/en\/wp-json\/wp\/v2\/media?parent=2305"}],"curies":[{"name":"wp","href":"https:\/\/api.w.org\/{rel}","templated":true}]}}