{"id":1859,"date":"2020-07-15T13:26:43","date_gmt":"2020-07-15T11:26:43","guid":{"rendered":"http:\/\/rodziceszkole.edu.pl\/?page_id=1859"},"modified":"2020-07-15T13:29:17","modified_gmt":"2020-07-15T11:29:17","slug":"dla-dyrektorow-szkol","status":"publish","type":"page","link":"https:\/\/rodziceszkole.edu.pl\/en\/dla-dyrektorow-szkol\/","title":{"rendered":"Dla Dyrektor\u00f3w Szk\u00f3\u0142"},"content":{"rendered":"<h3 class=\"wp-block-heading\">Szkolenia dla dyrektor\u00f3w szk\u00f3\u0142 i rad rodzic\u00f3w <\/h3>\n\n\n\n<p>Warunkiem przygotowania m\u0142odego pokolenia do \u017cycia we wsp\u00f3\u0142czesnym \u015bwiecie jest system edukacji oparty na wsp\u00f3\u0142pracy wszystkich uczestnik\u00f3w \u017cycia szkolnego dyrektor\u00f3w, rodzic\u00f3w, nauczycieli i uczni\u00f3w<\/p>\n\n\n\n<p>Uwzgl\u0119dniaj\u0105c powy\u017csze Fundacja \u201eRodzice Szkole\u201d opracowa\u0142a programy szkole\u0144 dla rad rodzic\u00f3w i dyrektor\u00f3w szk\u00f3\u0142 , wyposa\u017caj\u0105ce oba te organy szko\u0142y w wiedz\u0119 i umiej\u0119tno\u015bci niezb\u0119dne do partnerskiej wsp\u00f3\u0142pracy.<\/p>\n\n\n\n<p>Wyk\u0142adowcami na organizowanych przez nas konferencjach s\u0105 dyrektorzy szk\u00f3\u0142, aktywni rodzice (cz\u0142onkowie rad rodzic\u00f3w), psychologowie, pedagodzy i cz\u0142onkowie Zarz\u0105du Fundacji \u201eRodzice Szkole\u201d . Zapewnia to spojrzenie na problematyk\u0119 wsp\u00f3\u0142pracy z r\u00f3\u017cnych punkt\u00f3w widzenia i tym samym tworzy szerok\u0105 przestrze\u0144 do dyskusji oraz wypracowywania najlepszych rozwi\u0105za\u0144 dla poszczeg\u00f3lnych szk\u00f3\u0142 i \u015brodowisk o\u015bwiatowych.<\/p>\n\n\n\n<p>Zainteresowane samorz\u0105dy terytorialne, szko\u0142y i rady rodzic\u00f3w zapraszamy do skontaktowania si\u0119 z nami:&nbsp;<a href=\"mailto:www.kontakt@rodziceszkole.edu.pl\">www.kontakt@rodziceszkole.edu.pl<\/a>, tel.: 602&nbsp;694&nbsp;951<\/p>\n\n\n\n<p>Programy szkole\u0144:<br><a href=\"http:\/\/rodziceszkole.edu.pl\/wp-content\/uploads\/2020\/07\/Rada_rodzic\u00f3w_wa\u017cny_uczestnik_\u017cycia_szko\u0142y.doc\">Rada rodzic\u00f3w wa\u017cny uczestnik \u017cycia szko\u0142y<\/a><br><a href=\"http:\/\/rodziceszkole.edu.pl\/wp-content\/uploads\/2020\/07\/Dyrektor_Szko\u0142y_najwa\u017cniejszym_partnerem_rady_rodzic\u00f3w.doc\">Dyrektor Szko\u0142y najwa\u017cniejszym partnerem rady rodzic\u00f3w<\/a><\/p>\n\n\n\n<p>Na naszym portalu dowiesz si\u0119:<\/p>\n\n\n\n<ul class=\"wp-block-list\"><li>jak za\u0142o\u017cy\u0107 i prowadzi\u0107 rad\u0119 rodzic\u00f3w?<\/li><li>jak skutecznie wsp\u00f3\u0142pracowa\u0107 z dyrektorem szko\u0142y i rad\u0105 pedagogiczn\u0105?<\/li><li>co zapisano w Europejskiej Karcie Praw i Obowi\u0105zk\u00f3w Rodzic\u00f3w?<\/li><li>jak dzia\u0142aj\u0105 rodzice i ich przedstawiciele w krajach Europy i \u015bwiata?<\/li><\/ul>","protected":false},"excerpt":{"rendered":"<p>Szkolenia dla dyrektor\u00f3w szk\u00f3\u0142 i rad rodzic\u00f3w Warunkiem przygotowania m\u0142odego pokolenia do \u017cycia we wsp\u00f3\u0142czesnym \u015bwiecie jest system edukacji oparty na wsp\u00f3\u0142pracy wszystkich uczestnik\u00f3w \u017cycia szkolnego<span class=\"excerpt-hellip\"> [\u2026]<\/span><\/p>\n","protected":false},"author":6,"featured_media":0,"parent":0,"menu_order":0,"comment_status":"closed","ping_status":"closed","template":"","meta":{"footnotes":""},"class_list":["post-1859","page","type-page","status-publish","hentry"],"_links":{"self":[{"href":"https:\/\/rodziceszkole.edu.pl\/en\/wp-json\/wp\/v2\/pages\/1859","targetHints":{"allow":["GET"]}}],"collection":[{"href":"https:\/\/rodziceszkole.edu.pl\/en\/wp-json\/wp\/v2\/pages"}],"about":[{"href":"https:\/\/rodziceszkole.edu.pl\/en\/wp-json\/wp\/v2\/types\/page"}],"author":[{"embeddable":true,"href":"https:\/\/rodziceszkole.edu.pl\/en\/wp-json\/wp\/v2\/users\/6"}],"replies":[{"embeddable":true,"href":"https:\/\/rodziceszkole.edu.pl\/en\/wp-json\/wp\/v2\/comments?post=1859"}],"version-history":[{"count":2,"href":"https:\/\/rodziceszkole.edu.pl\/en\/wp-json\/wp\/v2\/pages\/1859\/revisions"}],"predecessor-version":[{"id":1862,"href":"https:\/\/rodziceszkole.edu.pl\/en\/wp-json\/wp\/v2\/pages\/1859\/revisions\/1862"}],"wp:attachment":[{"href":"https:\/\/rodziceszkole.edu.pl\/en\/wp-json\/wp\/v2\/media?parent=1859"}],"curies":[{"name":"wp","href":"https:\/\/api.w.org\/{rel}","templated":true}]}}