{"id":1852,"date":"2020-07-15T13:14:19","date_gmt":"2020-07-15T11:14:19","guid":{"rendered":"http:\/\/rodziceszkole.edu.pl\/?page_id=1852"},"modified":"2020-07-15T13:14:21","modified_gmt":"2020-07-15T11:14:21","slug":"dla-samorzadow","status":"publish","type":"page","link":"https:\/\/rodziceszkole.edu.pl\/en\/dla-samorzadow\/","title":{"rendered":"Dla Samorz\u0105d\u00f3w"},"content":{"rendered":"<p>Samorz\u0105dy terytorialne s\u0105 organami prowadz\u0105cymi dla wi\u0119kszo\u015bci szk\u00f3\u0142 publicznych Odpowiadaj\u0105 nie tylko za ich finansowanie ale r\u00f3wnie\u017c za poziom nauczania i proponowan\u0105 ofert\u0119 edukacyjn\u0105. Jednym z warunk\u00f3w spe\u0142nienia w tym zakresie oczekiwa\u0144 mieszka\u0144c\u00f3w i wyj\u015bcia na przeciw wyzwaniom XXI wieku jest wsp\u00f3\u0142praca wszystkich uczestnik\u00f3w \u017cycia szkolnego: nauczycieli, rodzic\u00f3w, uczni\u00f3w, pracownik\u00f3w administracji o\u015bwiatowej i nadzoru pedagogicznego oraz lokalnych \u015brodowisk obywatelskich. Inicjatorami takiej wsp\u00f3\u0142pracy oraz organizatorami po\u015bwi\u0119conych tej tematyce konferencji, szkole\u0144 i seminari\u00f3w mog\u0105 i powinny by\u0107 samorz\u0105dy terytorialne, kt\u00f3re zapraszamy do korzystania z oferty Fundacji \u201eRodzice Szkole\u201d.<\/p>\n\n\n\n<ul class=\"wp-block-list\"><li><a href=\"http:\/\/rodziceszkole.edu.pl\/wp-content\/uploads\/2020\/07\/Jak_budowa\u0107_p\u0142aszczyzn\u0119_wsp\u00f3\u0142pracy_wszystkich_uczestnik\u00f3w_\u017cycia_szkolnego-1.doc\">Jak budowa\u0107 p\u0142aszczyzn\u0119 wsp\u00f3\u0142pracy wszystkich uczestnik\u00f3w \u017cycia szkolnego<\/a><\/li><li><a href=\"http:\/\/rodziceszkole.edu.pl\/wp-content\/uploads\/2020\/07\/Dyrektor_Szko\u0142y_najwa\u017cniejszym_partnerem_rady_rodzic\u00f3w.doc\">Dyrektor Szko\u0142y najwa\u017cniejszym partnerem rady rodzic\u00f3w<\/a><\/li><li><a href=\"http:\/\/rodziceszkole.edu.pl\/wp-content\/uploads\/2020\/07\/Rada_rodzic\u00f3w_wa\u017cny_uczestnik_\u017cycia_szko\u0142y.doc\">Rada rodzic\u00f3w \u2013 wa\u017cny partner w \u017cyciu szko\u0142y<\/a><\/li><li><a href=\"http:\/\/rodziceszkole.edu.pl\/wp-content\/uploads\/2020\/07\/Dyrektor_szko\u0142y_liderem_w_budowaniu_p\u0142aszczyzny_wsp\u00f3\u0142pracyII.doc\">Dyrektor szko\u0142y liderem w budowaniu p\u0142aszczyzny wsp\u00f3\u0142pracy wszystkich uczestnik\u00f3w \u017cycia szkolnego.<\/a><\/li><\/ul>\n\n\n\n<p>Uwzgl\u0119dniaj\u0105c bardzo znacz\u0105c\u0105 rol\u0119 jak\u0105 w polskiej o\u015bwiacie odgrywaj\u0105 samorz\u0105dy terytorialne Zarz\u0105d Fundacji \u201eRodzice Szkole\u201d zwraca si\u0119 z pro\u015bb\u0105 o wykorzystanie za\u0142\u0105czonego listu w realizacji lokalnych polityk o\u015bwiatowych.<\/p>\n\n\n\n<p><strong>Prezydenci i Burmistrzowie Miast,<\/strong><\/p>\n\n\n\n<p><strong>Starostowie Powiat\u00f3w<\/strong><\/p>\n\n\n\n<p><strong>W\u00f3jtowie Gmin<\/strong>,<\/p>\n\n\n\n<p><em>Szanowni Pa\u0144stwo,<\/em><\/p>\n\n\n\n<p>wrzesie\u0144 jest miesi\u0105cem, w kt\u00f3rym we wszystkich szko\u0142ach publicznych prowadzonych przez samorz\u0105dy terytorialne odbywaj\u0105 si\u0119 wybory rad rodzic\u00f3w. Mimo, \u017ce ustawa o systemie o\u015bwiaty reguluje tryb powstawania tego wa\u017cnego organu szko\u0142y, cz\u0119\u015b\u0107 rad rodzic\u00f3w jest tworzona z wyra\u017anym jej naruszeniem. Powstaje wi\u0119c pytanie:&nbsp;<strong>Jak wybra\u0107 rad\u0119 rodzic\u00f3w w zgodzie z prawem? Jak stworzy\u0107 sytuacj\u0119, w kt\u00f3rej jej dzia\u0142alno\u015b\u0107 b\u0119dzie sta\u0142\u0105 lekcj\u0105 demokracji dla wszystkich uczestnik\u00f3w \u017cycia szkolnego?<\/strong><\/p>\n\n\n\n<p>Wa\u017cn\u0105 rol\u0119 w tym procesie odgrywaj\u0105 dyrektorzy szk\u00f3\u0142 &#8211; od nich w znacznej mierze zale\u017cy na ile szko\u0142y staj\u0105 si\u0119 miejscem wsp\u00f3\u0142pracy nauczycieli, rodzic\u00f3w i uczni\u00f3w.<\/p>\n\n\n\n<p>Uwzgl\u0119dniaj\u0105c powy\u017csze Fundacja \u201eRodzice Szkole\u201d zwraca si\u0119 z pro\u015bb\u0105 o pomoc w utworzeniu &#8211; w ka\u017cdej prowadzonej przez Pa\u0144stwa szkole &#8211; rady rodzic\u00f3w zgodnie, art. 53 ust 2 ustawy o systemie o\u015bwiaty, i przekazanie dyrektorom szk\u00f3\u0142 kilku porad dotycz\u0105cych powy\u017cszej problematyki..<\/p>\n\n\n\n<h3 class=\"wp-block-heading\"><strong>Jak organizowa\u0107 rad\u0119 rodzic\u00f3w?- kilka porad dla dyrektora szko\u0142y<\/strong>.<\/h3>\n\n\n\n<p><strong>1.&nbsp;<\/strong>prosimy starannie przeanalizowa\u0107 art. 53 i 54 ustawy o systemie o\u015bwiaty, w kt\u00f3rych zapisano tryb tworzenia rady rodzic\u00f3w oraz jej prawa i obowi\u0105zki,<\/p>\n\n\n\n<p><strong>2.&nbsp;<\/strong>prosimy informacj\u0119 o powy\u017cszych rozwi\u0105zaniach przekaza\u0107 na posiedzeniu rady pedagogicznej wszystkim nauczycielom szko\u0142y, ze szczeg\u00f3lnym zwr\u00f3ceniem na nie uwagi wychowawcom, kt\u00f3rzy mog\u0105 i powinni by\u0107 pomocni rodzicom swojej klasy w wyborze tzw. tr\u00f3jki klasowej i jej przedstawiciela do rady rodzic\u00f3w .Warto przygotowa\u0107 kr\u00f3tk\u0105 instrukcj\u0119 w formie pisemnej oraz zaleci\u0107 wychowawcom aby na moment zg\u0142aszania kandydat\u00f3w i wybor\u00f3w pozostawili rodzic\u00f3w samych, umo\u017cliwiaj\u0105c im, zgodnie z demokratycznymi zasadami, swobod\u0119 wyboru.<\/p>\n\n\n\n<p><strong>3<\/strong>. prosimy, w porozumieniu z ust\u0119puj\u0105cym przewodnicz\u0105cym rady rodzic\u00f3w, pom\u00f3c wybranym przedstawicielom do rady rodzic\u00f3w w zorganizowaniu i odbyciu pierwszego zebrania (z powodu wymienionego w pkt. 2 dyrektor nie powinien uczestniczy\u0107 w cz\u0119\u015bci po\u015bwi\u0119conej konstytuowaniu si\u0119 rady rodzic\u00f3w ),<\/p>\n\n\n\n<p><strong>4.&nbsp;<\/strong>prosimy zapozna\u0107 si\u0119 z uchwalonym przez rad\u0119 rodzic\u00f3w Regulaminem. W wypadku stwierdzenia w nim niezgodno\u015bci z ustaw\u0105 o systemie o\u015bwiaty lub Rozporz\u0105dzeniem Ministra Edukacji Narodowej z dnia 21 maja 2001 r. w sprawie ramowych statut\u00f3w publicznego przedszkola oraz publicznych szk\u00f3\u0142, nale\u017cy wskaza\u0107 b\u0142\u0119dy radzie rodzic\u00f3w z pro\u015bb\u0105 o dokonanie niezb\u0119dnych poprawek,.<\/p>\n\n\n\n<p><strong>5<\/strong>. prosimy umo\u017cliwi\u0107 radzie rodzic\u00f3w korzystanie z og\u00f3lnoszkolnej tablicy og\u0142osze\u0144, strony internetowej i innych form informacji skierowanych do spo\u0142eczno\u015bci szkolnej, nie ingeruj\u0105c w \u017cadnym stopniu w tre\u015bci przez ni\u0105 zamieszczane,<\/p>\n\n\n\n<p><strong>6.&nbsp;<\/strong>prosimy rozwa\u017cy\u0107 zapraszanie przedstawicieli rady rodzic\u00f3w na posiedzenia rady pedagogicznej (oczywi\u015bcie, jedynie na t\u0119 jej cz\u0119\u015b\u0107, kt\u00f3ra nie dotyczy spraw osobistych uczni\u00f3w i pracownik\u00f3w szko\u0142y obj\u0119tych tajemnic\u0105 zawodow\u0105) oraz zasugerowa\u0107 radzie rodzic\u00f3w wol\u0119 uczestnictwa w jej posiedzeniach ( z zastrze\u017ceniem podobnym jak przy uczestnictwie przedstawicieli rady rodzic\u00f3w w posiedzeniu rady pedagogicznej),<\/p>\n\n\n\n<p><strong>7.<\/strong>&nbsp;prosimy na wszystkie oficjalne wyst\u0105pienia rady rodzic\u00f3w odpowiada\u0107 w formie pisemnej, zachowuj\u0105c terminy procedur administracyjnych i domaga\u0107 si\u0119 podobnego trybu dzia\u0142ania ze strony rady rodzic\u00f3w.<\/p>\n\n\n\n<p>Mamy nadziej\u0119, \u017ce przedstawione propozycje u\u0142atwi\u0105 budowanie partnerskich, relacji, pomi\u0119dzy wszystkimi organami szko\u0142y ze szczeg\u00f3lnym uwzgl\u0119dnieniem wsp\u00f3\u0142pracy dyrektor\u00f3w z radami rodzic\u00f3w<\/p>\n\n\n\n<p><em>Z wyrazami szacunku<\/em><\/p>\n\n\n\n<p>Zarz\u0105d Fundacji \u201eRodzice Szkole\u201d<\/p>","protected":false},"excerpt":{"rendered":"<p>Samorz\u0105dy terytorialne s\u0105 organami prowadz\u0105cymi dla wi\u0119kszo\u015bci szk\u00f3\u0142 publicznych Odpowiadaj\u0105 nie tylko za ich finansowanie ale r\u00f3wnie\u017c za poziom nauczania i proponowan\u0105 ofert\u0119 edukacyjn\u0105. Jednym z<span class=\"excerpt-hellip\"> [\u2026]<\/span><\/p>\n","protected":false},"author":6,"featured_media":0,"parent":0,"menu_order":0,"comment_status":"closed","ping_status":"closed","template":"","meta":{"footnotes":""},"class_list":["post-1852","page","type-page","status-publish","hentry"],"_links":{"self":[{"href":"https:\/\/rodziceszkole.edu.pl\/en\/wp-json\/wp\/v2\/pages\/1852","targetHints":{"allow":["GET"]}}],"collection":[{"href":"https:\/\/rodziceszkole.edu.pl\/en\/wp-json\/wp\/v2\/pages"}],"about":[{"href":"https:\/\/rodziceszkole.edu.pl\/en\/wp-json\/wp\/v2\/types\/page"}],"author":[{"embeddable":true,"href":"https:\/\/rodziceszkole.edu.pl\/en\/wp-json\/wp\/v2\/users\/6"}],"replies":[{"embeddable":true,"href":"https:\/\/rodziceszkole.edu.pl\/en\/wp-json\/wp\/v2\/comments?post=1852"}],"version-history":[{"count":1,"href":"https:\/\/rodziceszkole.edu.pl\/en\/wp-json\/wp\/v2\/pages\/1852\/revisions"}],"predecessor-version":[{"id":1857,"href":"https:\/\/rodziceszkole.edu.pl\/en\/wp-json\/wp\/v2\/pages\/1852\/revisions\/1857"}],"wp:attachment":[{"href":"https:\/\/rodziceszkole.edu.pl\/en\/wp-json\/wp\/v2\/media?parent=1852"}],"curies":[{"name":"wp","href":"https:\/\/api.w.org\/{rel}","templated":true}]}}