{"id":1837,"date":"2020-07-07T10:24:04","date_gmt":"2020-07-07T08:24:04","guid":{"rendered":"http:\/\/rodziceszkole.edu.pl\/?page_id=1837"},"modified":"2020-07-07T10:24:05","modified_gmt":"2020-07-07T08:24:05","slug":"ubezpieczenia","status":"publish","type":"page","link":"https:\/\/rodziceszkole.edu.pl\/en\/ubezpieczenia\/","title":{"rendered":"Ubezpieczenia"},"content":{"rendered":"<h2 class=\"wp-block-heading\"><strong>Kto powinien decydowa\u0107 o ubezpieczeniu uczni\u00f3w?<\/strong><\/h2>\n\n\n\n<p><em>Szanowni Pa\u0144stwo,<\/em><\/p>\n\n\n\n<p>do Fundacji \u201eRodzice Szkole\u201d nap\u0142ywa szereg pyta\u0144 dotycz\u0105cych procedur, kt\u00f3re powinny by\u0107 przestrzegane przy ubezpieczaniu uczni\u00f3w.<\/p>\n\n\n\n<p>Przedstawiamy opini\u0119 w powy\u017cszej sprawie, przygotowan\u0105 przez p. Rados\u0142awa Sucheckiego, wsp\u00f3\u0142pracuj\u0105cego z nami aktywnego cz\u0142onka jednej z warszawskich rad rodzic\u00f3w i doradc\u0119 maj\u0105tkowego wykonuj\u0105cego czynno\u015bci agencyjne dla licznych Towarzystw Ubezpieczeniowych.&nbsp;Prosimy o przesy\u0142anie informacji o praktykach maj\u0105cych miejsce w Pa\u0144stwa szko\u0142ach (zar\u00f3wno akceptowanych przez rodzic\u00f3w, jak i tych, kt\u00f3re budz\u0105 w\u0105tpliwo\u015bci co do zgodno\u015bci z obowi\u0105zuj\u0105cym porz\u0105dkiem prawnym). B\u0119dziemy je publikowali oraz wykorzystamy w tworzeniu i przedstawieniu Ministrowi Edukacji Narodowej jednoznacznych, przejrzystych regu\u0142 dotycz\u0105cych tego obszaru \u017cycia szko\u0142y, licz\u0105c, ze znajd\u0105 one odzwierciedlenie w odpowiednim rozporz\u0105dzeniu skierowanym do dyrektor\u00f3w szk\u00f3\u0142 i rad rodzic\u00f3w.<\/p>\n\n\n\n<p>W imieniu Fundacji \u201eRodzice Szkole\u201d<\/p>\n\n\n\n<p>Wojciech Starzy\u0144ski \u2013 Prezes Zarz\u0105du<\/p>\n\n\n\n<p><strong>Doradca ubezpieczeniowy radzi:<\/strong><\/p>\n\n\n\n<p>\u201e35z\u0142 na ubezpieczenie\u201d \u2013 s\u0142yszymy na pocz\u0105tku roku szkolnego od naszego dziecka lub od wychowawczyni na pierwszym zebraniu rodzic\u00f3w. Dla wi\u0119kszo\u015bci z nas jest to ca\u0142a wiedza&nbsp;o ubezpieczeniu naszych pociech, kt\u00f3r\u0105 posi\u0105dziemy bo albo traktujemy to jako kolejn\u0105 obowi\u0105zkow\u0105 op\u0142at\u0119 w zwi\u0105zku z rozpocz\u0119ciem nowego roku szkolnego i cieszymy si\u0119, \u017ce&nbsp;tylko tyle\u201d, albo jeste\u015bmy zadowoleni, \u017ce niewielkim kosztem mamy zapewnione zabezpieczenie dziecka \u201ejakby co\u015b si\u0119 wydarzy\u0142o\u201d. Co ambitniejsi zapytaj\u0105 o sum\u0119 ubezpieczenia, a najbardziej dociekliwi o pe\u0142en zakres ryzyk jakie dany pakiet obejmuje lub o og\u00f3lne warunki ubezpieczenia. Niestety ci ostatni rzadko kiedy osi\u0105gaj\u0105 sw\u00f3j ostateczny cel (<a href=\"http:\/\/pytanienasniadanie.tvp.pl\/16853155\/rodzice-nabijani-w-polisy%23\">http:\/\/pytanienasniadanie.tvp.pl\/16853155\/rodzice-nabijani-w-polisy#<\/a>&nbsp;).<\/p>\n\n\n\n<p>Jak wida\u0107 nie tylko brak informacji \u2013\u201eco nam przys\u0142uguje w ramach ubezpieczenia\u201d budzi zastrze\u017cenia. Bulwersuj\u0105 r\u00f3wnie\u017c niekt\u00f3re praktyki szk\u00f3\u0142 w zakresie zawieranych ubezpiecze\u0144 szkolnych np. podzia\u0142 prowizji pomi\u0119dzy agentem i szko\u0142\u0105 czy ubezpieczanie nauczycieli \u201ew ramach\u201d ubezpieczenia uczni\u00f3w (<a href=\"http:\/\/polska.newsweek.pl\/rodzice-ubezpieczaja-dzieci-i-nauczycieli-newsweek-pl,artykuly,347394,1.html\">http:\/\/polska.newsweek.pl\/rodzice-ubezpieczaja-dzieci-i-nauczycieli-newsweek-pl,artykuly,347394,1.html<\/a>).<\/p>\n\n\n\n<p>Nie pisz\u0119 tego jednak aby zniech\u0119ci\u0107 Pa\u0144stwa do zawierania ubezpiecze\u0144 od nast\u0119pstw nieszcz\u0119\u015bliwych wypadk\u00f3w, a wr\u0119cz przeciwnie. Cho\u0107 nie jest to ubezpieczenie obowi\u0105zkowe z punktu widzenia rodzica lepiej mie\u0107 takie ni\u017c \u017cadne. Oczywi\u015bcie zawsze mo\u017cna pomy\u015ble\u0107 o ubezpieczeniu indywidualnym naszego dziecka albo o rozszerzeniu posiadanego NNW, do czego szczerze zach\u0119cam. Na rynku jest szeroka oferta takich ubezpiecze\u0144. Jednak r\u00f3wnie\u017c co do zawieranych przez szko\u0142\u0119 ubezpiecze\u0144 nie powinni\u015bmy pozosta\u0107 bierni. Tu wielk\u0105 rol\u0119 musz\u0105 odegra\u0107 Rady Rodzic\u00f3w. To w\u0142a\u015bnie Rada jako przedstawicielstwo rodzic\u00f3w powinna mie\u0107 g\u0142\u00f3wny g\u0142os w sprawie wyboru Ubezpieczyciela oraz zakresu ubezpieczenia. Podstawowym kryterium wyboru nie powinno by\u0107 \u201eile prowizji pozostanie na funduszu Rady w formie darowizny od Ubezpieczyciela\u201d ani \u201eczy przy okazji, w ramach tej sk\u0142adki ubezpieczymy tak\u017ce nauczycieli\u201d. Jedynym kryterium jakie winna mie\u0107 Rada, to&nbsp;<strong>najlepsze ubezpieczenie za optymaln\u0105 sk\u0142adk\u0119<\/strong>\u201d. Aby to osi\u0105gn\u0105\u0107 Rada powinna dokona\u0107 por\u00f3wnania kilku, mo\u017ce nawet kilkunastu ofert z rynku ubezpieczeniowego i przy zachowaniu ww. kryterium wybra\u0107 najlepsz\u0105.<\/p>\n\n\n\n<p>Zach\u0119cam Pa\u0144stwa do zapoznania si\u0119 z poradnikiem, dotycz\u0105cym tego tematu, przygotowanym przez Rzecznika Ubezpieczonych:&nbsp;<a href=\"http:\/\/www.rzu.gov.pl\/porady-sezonowe\/Ubezpieczenie_NNW_dzieci_i_mlodziezy_szkolnej_i_akademickiej__2874\">http:\/\/www.rzu.gov.pl\/porady-sezonowe\/Ubezpieczenie_NNW_dzieci_i_mlodziezy_szkolnej_i_akademickiej__2874<\/a><\/p>\n\n\n\n<p>Rados\u0142aw Suchecki (doradca maj\u0105tkowy w Phinance S.A. )<\/p>\n\n\n\n<p>Na naszym portalu dowiesz si\u0119:<\/p>\n\n\n\n<ul class=\"wp-block-list\"><li>jak za\u0142o\u017cy\u0107 i prowadzi\u0107 rad\u0119 rodzic\u00f3w?<\/li><li>jak skutecznie wsp\u00f3\u0142pracowa\u0107 z dyrektorem szko\u0142y i rad\u0105 pedagogiczn\u0105?<\/li><li>co zapisano w Europejskiej Karcie Praw i Obowi\u0105zk\u00f3w Rodzic\u00f3w?<\/li><li>jak dzia\u0142aj\u0105 rodzice i ich przedstawiciele w krajach Europy i \u015bwiata?<\/li><\/ul>","protected":false},"excerpt":{"rendered":"<p>Kto powinien decydowa\u0107 o ubezpieczeniu uczni\u00f3w? Szanowni Pa\u0144stwo, do Fundacji \u201eRodzice Szkole\u201d nap\u0142ywa szereg pyta\u0144 dotycz\u0105cych procedur, kt\u00f3re powinny by\u0107 przestrzegane przy ubezpieczaniu uczni\u00f3w. Przedstawiamy opini\u0119<span class=\"excerpt-hellip\"> [\u2026]<\/span><\/p>\n","protected":false},"author":6,"featured_media":0,"parent":0,"menu_order":0,"comment_status":"closed","ping_status":"closed","template":"","meta":{"footnotes":""},"class_list":["post-1837","page","type-page","status-publish","hentry"],"_links":{"self":[{"href":"https:\/\/rodziceszkole.edu.pl\/en\/wp-json\/wp\/v2\/pages\/1837","targetHints":{"allow":["GET"]}}],"collection":[{"href":"https:\/\/rodziceszkole.edu.pl\/en\/wp-json\/wp\/v2\/pages"}],"about":[{"href":"https:\/\/rodziceszkole.edu.pl\/en\/wp-json\/wp\/v2\/types\/page"}],"author":[{"embeddable":true,"href":"https:\/\/rodziceszkole.edu.pl\/en\/wp-json\/wp\/v2\/users\/6"}],"replies":[{"embeddable":true,"href":"https:\/\/rodziceszkole.edu.pl\/en\/wp-json\/wp\/v2\/comments?post=1837"}],"version-history":[{"count":1,"href":"https:\/\/rodziceszkole.edu.pl\/en\/wp-json\/wp\/v2\/pages\/1837\/revisions"}],"predecessor-version":[{"id":1838,"href":"https:\/\/rodziceszkole.edu.pl\/en\/wp-json\/wp\/v2\/pages\/1837\/revisions\/1838"}],"wp:attachment":[{"href":"https:\/\/rodziceszkole.edu.pl\/en\/wp-json\/wp\/v2\/media?parent=1837"}],"curies":[{"name":"wp","href":"https:\/\/api.w.org\/{rel}","templated":true}]}}