{"id":1835,"date":"2020-07-07T10:22:43","date_gmt":"2020-07-07T08:22:43","guid":{"rendered":"http:\/\/rodziceszkole.edu.pl\/?page_id=1835"},"modified":"2020-07-07T10:22:44","modified_gmt":"2020-07-07T08:22:44","slug":"preliminarz","status":"publish","type":"page","link":"https:\/\/rodziceszkole.edu.pl\/en\/preliminarz\/","title":{"rendered":"Preliminarz"},"content":{"rendered":"<h2 class=\"wp-block-heading\">Preliminarz rady rodzic\u00f3w<\/h2>\n\n\n\n<p>Gospodarka finansowa rady rodzic\u00f3w jest jednym z wa\u017cniejszych element\u00f3w jej dzia\u0142alno\u015bci. Wi\u0105\u017ce si\u0119 z du\u017c\u0105 odpowiedzialno\u015bci\u0105, wynikaj\u0105c\u0105 z faktu, \u017ce gospodarujemy pieni\u0119dzmi spo\u0142ecznymi. Aby unikn\u0105\u0107 problem\u00f3w natury prawno-organizacyjnej, kluczowe jest uchwalenie na pocz\u0105tku kadencji dobrego preliminarza wydatk\u00f3w. Prawid\u0142owo skonstruowany preliminarz pozwoli prezydium rady rodzic\u00f3w na sprawne oraz uprawnione dysponowanie finansami rady.<\/p>\n\n\n\n<p>Jakie elementy powinien zawiera\u0107 dobry preliminarz?<br>&#8211;&nbsp;<strong>szacunek wp\u0142yw\u00f3w<\/strong>, m. in. na podstawie zebranych podczas pierwszych zebra\u0144 w klasach deklaracji wp\u0142at od rodzic\u00f3w;<br>&#8211;&nbsp;<strong>plan wydatk\u00f3w<\/strong>, skorelowany z uchwalonym planem dzia\u0142ania oraz ze zg\u0142oszonymi ze strony r\u00f3\u017cnych podmiot\u00f3w w szkole (tj.: dyrektora, rady pedagogicznej, samorz\u0105du uczniowskiego, rady rodzic\u00f3w) wnioskami o dofinansowanie.<\/p>\n\n\n\n<p>Wp\u0142ywy wraz z wydatkami powinny si\u0119 bilansowa\u0107. Konieczne jest pozostawienie pewnej rezerwy, jednak ze wzgl\u0119du na 1-roczn\u0105 kadencj\u0119 rady, nie powinna by\u0107 ona wi\u0119ksza ni\u017c 10%. Innymi s\u0142owy, \u015brodki zebrane przez rad\u0119 rodzic\u00f3w w danym roku szkolnym powinny by\u0107 w ci\u0105gu tego roku wydane. Kumulowanie \u015brodk\u00f3w jest o tyle nieuprawnione, \u017ce po roku zmieniaj\u0105 si\u0119 w szkole dzieci, cz\u0119\u015b\u0107 z nich odchodzi i w kolejnym roku szkolnym nie b\u0119d\u0105 one mog\u0142y skorzysta\u0107 ze zgromadzonych \u015brodk\u00f3w.<\/p>\n\n\n\n<p>Przyk\u0142adowy preliminarz rady rodzic\u00f3w, jak r\u00f3wnie\u017c wz\u00f3r uchwa\u0142y w sprawie przyj\u0119cia preliminarza rady rodzic\u00f3w na dany rok szkolny znajd\u0105 pa\u0144stwo w przygotowanym przez Fundacj\u0119\u00a0poradniku \u201eRodzice partnerzy i sprzymierze\u0144cy\u201d.<\/p>","protected":false},"excerpt":{"rendered":"<p>Preliminarz rady rodzic\u00f3w Gospodarka finansowa rady rodzic\u00f3w jest jednym z wa\u017cniejszych element\u00f3w jej dzia\u0142alno\u015bci. Wi\u0105\u017ce si\u0119 z du\u017c\u0105 odpowiedzialno\u015bci\u0105, wynikaj\u0105c\u0105 z faktu, \u017ce gospodarujemy pieni\u0119dzmi spo\u0142ecznymi.<span class=\"excerpt-hellip\"> [\u2026]<\/span><\/p>\n","protected":false},"author":6,"featured_media":0,"parent":0,"menu_order":0,"comment_status":"closed","ping_status":"closed","template":"","meta":{"footnotes":""},"class_list":["post-1835","page","type-page","status-publish","hentry"],"_links":{"self":[{"href":"https:\/\/rodziceszkole.edu.pl\/en\/wp-json\/wp\/v2\/pages\/1835","targetHints":{"allow":["GET"]}}],"collection":[{"href":"https:\/\/rodziceszkole.edu.pl\/en\/wp-json\/wp\/v2\/pages"}],"about":[{"href":"https:\/\/rodziceszkole.edu.pl\/en\/wp-json\/wp\/v2\/types\/page"}],"author":[{"embeddable":true,"href":"https:\/\/rodziceszkole.edu.pl\/en\/wp-json\/wp\/v2\/users\/6"}],"replies":[{"embeddable":true,"href":"https:\/\/rodziceszkole.edu.pl\/en\/wp-json\/wp\/v2\/comments?post=1835"}],"version-history":[{"count":1,"href":"https:\/\/rodziceszkole.edu.pl\/en\/wp-json\/wp\/v2\/pages\/1835\/revisions"}],"predecessor-version":[{"id":1836,"href":"https:\/\/rodziceszkole.edu.pl\/en\/wp-json\/wp\/v2\/pages\/1835\/revisions\/1836"}],"wp:attachment":[{"href":"https:\/\/rodziceszkole.edu.pl\/en\/wp-json\/wp\/v2\/media?parent=1835"}],"curies":[{"name":"wp","href":"https:\/\/api.w.org\/{rel}","templated":true}]}}