{"id":1807,"date":"2020-06-30T11:07:49","date_gmt":"2020-06-30T09:07:49","guid":{"rendered":"http:\/\/rodziceszkole.edu.pl\/?page_id=1807"},"modified":"2020-06-30T11:09:45","modified_gmt":"2020-06-30T09:09:45","slug":"jak-zalozyc-rr","status":"publish","type":"page","link":"https:\/\/rodziceszkole.edu.pl\/en\/jak-zalozyc-rr\/","title":{"rendered":"Jak za\u0142o\u017cy\u0107 RR?"},"content":{"rendered":"<h3 class=\"wp-block-heading\"> Rada rodzic\u00f3w:<\/h3>\n\n\n\n<p>Aby prawid\u0142owo za\u0142o\u017cy\u0107 Rad\u0119 Rodzic\u00f3w powinno si\u0119 zacz\u0105\u0107 od starannego przeanalizowania art. 83, 84 i 86 ustawy Prawo o\u015bwiatowe a nast\u0119pnie spokojnie porozmawia\u0107 z rodzicami oraz z dyrektorem&nbsp;szko\u0142y o prawach i obowi\u0105zkach wszystkich jej organ\u00f3w (rady pedagogicznej, rady rodzic\u00f3w, samorz\u0105du uczniowskiego, dyrektora szko\u0142y). Pomocne w tym b\u0119d\u0105 informacje zawarte w publikacjach, kt\u00f3rych wykaz znajduje si\u0119 na witrynie internetowej Fundacji \u201eRodzice Szkole\u201d: www.rodziceszkole.edu.pl<\/p>\n\n\n\n<p>Po ukonstytuowaniu si\u0119 rady rodzic\u00f3w nale\u017cy uchwali\u0107 jej Regulamin, opracowa\u0107 plan dzia\u0142alno\u015bci i przyj\u0105\u0107 preliminarz bud\u017cetowy. W oparciu o te materia\u0142y mobilizowa\u0107 rodzic\u00f3w i przekonywa\u0107 do swoich racji dyrektora oraz nauczycieli ci\u0105gle pami\u0119taj\u0105c, \u017ce tak skomplikowane problemy, jakie pojawiaj\u0105 si\u0119 w relacjach rodzice-szko\u0142a, wymagaj\u0105 wielkiej tolerancji i kultury wszystkich uczestnicz\u0105cych w tym procesie stron oraz przestrzegania obowi\u0105zuj\u0105cego prawa.<\/p>\n\n\n\n<h3 class=\"wp-block-heading\">Dlaczego warto zadba\u0107 o prawid\u0142owe przeprowadzenie wybor\u00f3w do Rad Oddzia\u0142owych?<\/h3>\n\n\n\n<p>Ustawa Prawo o\u015bwiatowe w spos\u00f3b jednoznaczny m\u00f3wi, \u017ce wybory do rad oddzia\u0142owych s\u0105 przeprowadzane&nbsp;<strong>w trybie tajnym<\/strong>. Zapis ten nie pozostawia \u017cadnej przestrzeni do interpretacji. Warto w tym miejscu przypomnie\u0107, \u017ce sk\u0142adaj\u0105ca si\u0119 z przedstawicieli rad oddzia\u0142owych, rada rodzic\u00f3w jest pe\u0142noprawnym organem szko\u0142y, kt\u00f3ry decyduje o wielu wa\u017cnych dla szko\u0142y sprawach, m. in. uchwala program wychowawczo-profilaktyczny szko\u0142y oraz szkolny program profilaktyki, opiniuje prac\u0119 nauczycieli, decyduje czy dana organizacja b\u0105d\u017a stowarzyszenie maj\u0105 prawo dzia\u0142a\u0107 na terenie szko\u0142y, opiniuje projekt planu finansowego szko\u0142y.<\/p>\n\n\n\n<p><br>Je\u015bli nie chcemy, aby ktokolwiek kiedykolwiek podwa\u017ca\u0142 wa\u017cno\u015b\u0107 podj\u0119tych przez rad\u0119 rodzic\u00f3w decyzji, bezwzgl\u0119dnie konieczne jest przeprowadzenie wybor\u00f3w do rad oddzia\u0142owych w trybie tajnym oraz udokumentowanie tego faktu stosownym protoko\u0142em z zebrania wyborczego. (Przyk\u0142adowy przebieg zebrania wyborczego oraz wz\u00f3r protoko\u0142u &#8211; za\u0142\u0105cznik nr 1 i 2).<br>Rady oddzia\u0142owe, a nast\u0119pnie rada rodzic\u00f3w, s\u0105 niezale\u017cnymi reprezentantami rodzic\u00f3w w szkole. Dlatego na ich wyb\u00f3r nie mog\u0105 mie\u0107 wp\u0142ywu ani wychowawcy, ani tym bardziej dyrektor szko\u0142y. Zebrania wyborcze powinny odbywa\u0107 si\u0119 tylko i wy\u0142\u0105cznie w gronie rodzic\u00f3w, bez obserwator\u00f3w w postaci pracownik\u00f3w szko\u0142y, w szczeg\u00f3lno\u015bci cz\u0142onk\u00f3w rady pedagogicznej.<\/p>\n\n\n\n<p>Katarzyna Styczy\u0144ska<\/p>\n\n\n\n<p>Pe\u0142nomocnik Zarz\u0105du Fundacji \u201eRodzice Szkole\u201d<\/p>\n\n\n\n<p><a href=\"http:\/\/www.radyrodzicow.pl\/images\/Wybory_do_rady_klasowej.pdf\">Za\u0142\u0105cznik nr 1 &#8211; wybory do rady klasowej (pdf)<\/a><\/p>\n\n\n\n<p><a href=\"http:\/\/www.radyrodzicow.pl\/images\/wzr%C3%B3r_protoko%C5%82u.pdf\">Za\u0142\u0105cznik nr 2 &#8211; wzr\u00f3r protoko\u0142u (pdf)<\/a><\/p>","protected":false},"excerpt":{"rendered":"<p>Rada rodzic\u00f3w: Aby prawid\u0142owo za\u0142o\u017cy\u0107 Rad\u0119 Rodzic\u00f3w powinno si\u0119 zacz\u0105\u0107 od starannego przeanalizowania art. 83, 84 i 86 ustawy Prawo o\u015bwiatowe a nast\u0119pnie spokojnie porozmawia\u0107 z<span class=\"excerpt-hellip\"> [\u2026]<\/span><\/p>\n","protected":false},"author":6,"featured_media":0,"parent":0,"menu_order":0,"comment_status":"open","ping_status":"closed","template":"","meta":{"footnotes":""},"class_list":["post-1807","page","type-page","status-publish","hentry"],"_links":{"self":[{"href":"https:\/\/rodziceszkole.edu.pl\/en\/wp-json\/wp\/v2\/pages\/1807","targetHints":{"allow":["GET"]}}],"collection":[{"href":"https:\/\/rodziceszkole.edu.pl\/en\/wp-json\/wp\/v2\/pages"}],"about":[{"href":"https:\/\/rodziceszkole.edu.pl\/en\/wp-json\/wp\/v2\/types\/page"}],"author":[{"embeddable":true,"href":"https:\/\/rodziceszkole.edu.pl\/en\/wp-json\/wp\/v2\/users\/6"}],"replies":[{"embeddable":true,"href":"https:\/\/rodziceszkole.edu.pl\/en\/wp-json\/wp\/v2\/comments?post=1807"}],"version-history":[{"count":4,"href":"https:\/\/rodziceszkole.edu.pl\/en\/wp-json\/wp\/v2\/pages\/1807\/revisions"}],"predecessor-version":[{"id":1813,"href":"https:\/\/rodziceszkole.edu.pl\/en\/wp-json\/wp\/v2\/pages\/1807\/revisions\/1813"}],"wp:attachment":[{"href":"https:\/\/rodziceszkole.edu.pl\/en\/wp-json\/wp\/v2\/media?parent=1807"}],"curies":[{"name":"wp","href":"https:\/\/api.w.org\/{rel}","templated":true}]}}