{"id":1611,"date":"2020-01-13T10:23:11","date_gmt":"2020-01-13T09:23:11","guid":{"rendered":"http:\/\/rodziceszkole.edu.pl\/?page_id=1611"},"modified":"2020-01-17T09:00:38","modified_gmt":"2020-01-17T08:00:38","slug":"rodo","status":"publish","type":"page","link":"https:\/\/rodziceszkole.edu.pl\/en\/rodo\/","title":{"rendered":"Privacy policy"},"content":{"rendered":"<h2 class=\"wp-block-heading\">\nKLAUZULA INFORMACYJNA \n<\/h2>\n\n\n\n<p>\nZgodnie z art. 13 ust. 1 i 2 Rozporz\u0105dzenia Parlamentu Europejskiego\ni Rady (UE) 2016\/679 z dnia 27 kwietnia 2016 r. w sprawie ochrony\nos\u00f3b fizycznych w zwi\u0105zku z przetwarzaniem danych osobowych i w\nsprawie swobodnego przep\u0142ywu takich danych oraz uchylenia dyrektywy\n95\/46\/WE (Dz. Urz. UE L 119\/1 z 04.05.2016 r.), dalej znanych jako\n\u201eRODO\u201d, informuj\u0119, \u017ce:<\/p>\n\n\n\n<ol class=\"wp-block-list\"><li>Administratorem Pani\/Pana danych osobowych jest Fundacja \u201eRodzice Szkole\u201d z siedzib\u0105 w Warszawie ( 01-637)  ul. Szajnochy 11 lok. 2 reprezentowana przez prezesa Wojciecha Starzy\u0144skiego , starzynski.wojciech@gmail.com  <\/li><li> Administrator przetwarza dane osobowe na terenie Polski, zapewniaj\u0105c ich nale\u017cyt\u0105 ochron\u0119; <\/li><li> Pani\/Pana dane osobowe b\u0119d\u0105 przetwarzane w celu realizacji cel\u00f3w statutowych Fundacji, a w szczeg\u00f3lno\u015bci informowania o wydarzeniach organizowanych przez Fundacj\u0119 \u201eRodzice Szkole\u201d. <\/li><li> Odbiorc\u0105 Pani\/Pana danych osobowych b\u0119d\u0105 wy\u0142\u0105cznie podmioty uprawnione do uzyskania danych osobowych na podstawie odr\u0119bnych przepis\u00f3w prawa, upowa\u017cnieni pracownicy\/wsp\u00f3\u0142pracownicy Administratora, dostawcy us\u0142ug technicznych i organizacyjnych, fundacje i inne podmioty wsp\u00f3\u0142pracuj\u0105ce z Administratorem. <\/li><li> Pani\/Pana dane osobowe b\u0119d\u0105 przechowywane do momentu wycofania zgody na przetwarzanie danych osobowych. <\/li><li> W ka\u017cdej chwili przys\u0142uguje Panu\/Pani prawo do wycofania zgody na przetwarzanie danych osobowych.  <\/li><li> Posiada Pani\/Pan prawo dost\u0119pu do tre\u015bci swoich danych oraz otrzymania ich kopii, prawo ich sprostowania i uzupe\u0142nienia, prawo do usuni\u0119cia i ograniczenia przetwarzania, prawo do przenoszenia danych, prawo wniesienia sprzeciwu wobec przetwarzania danych, prawo do wniesienia skargi do organu nadzorczego, kt\u00f3rym na terenie Polski jest Generalny Inspektor Ochrony Danych Osobowych oraz ka\u017cdy inny organ nadzorczy w rozumieniu RODO, kt\u00f3ry zostanie powo\u0142any. <\/li><li> Podanie danych osobowych jest dobrowolne <\/li><li> Wobec Pani\/Pana nie b\u0119d\u0105 podejmowane zautomatyzowane decyzje (decyzje bez udzia\u0142u cz\u0142owieka), w tym Pani\/Pana dane nie b\u0119d\u0105 podlega\u0142y profilowaniu. <\/li><\/ol>","protected":false},"excerpt":{"rendered":"<p>KLAUZULA INFORMACYJNA Zgodnie z art. 13 ust. 1 i 2 Rozporz\u0105dzenia Parlamentu Europejskiego i Rady (UE) 2016\/679 z dnia 27 kwietnia 2016 r. w sprawie ochrony<span class=\"excerpt-hellip\"> [\u2026]<\/span><\/p>\n","protected":false},"author":6,"featured_media":0,"parent":0,"menu_order":0,"comment_status":"closed","ping_status":"open","template":"","meta":{"footnotes":""},"class_list":["post-1611","page","type-page","status-publish","hentry"],"_links":{"self":[{"href":"https:\/\/rodziceszkole.edu.pl\/en\/wp-json\/wp\/v2\/pages\/1611","targetHints":{"allow":["GET"]}}],"collection":[{"href":"https:\/\/rodziceszkole.edu.pl\/en\/wp-json\/wp\/v2\/pages"}],"about":[{"href":"https:\/\/rodziceszkole.edu.pl\/en\/wp-json\/wp\/v2\/types\/page"}],"author":[{"embeddable":true,"href":"https:\/\/rodziceszkole.edu.pl\/en\/wp-json\/wp\/v2\/users\/6"}],"replies":[{"embeddable":true,"href":"https:\/\/rodziceszkole.edu.pl\/en\/wp-json\/wp\/v2\/comments?post=1611"}],"version-history":[{"count":4,"href":"https:\/\/rodziceszkole.edu.pl\/en\/wp-json\/wp\/v2\/pages\/1611\/revisions"}],"predecessor-version":[{"id":1618,"href":"https:\/\/rodziceszkole.edu.pl\/en\/wp-json\/wp\/v2\/pages\/1611\/revisions\/1618"}],"wp:attachment":[{"href":"https:\/\/rodziceszkole.edu.pl\/en\/wp-json\/wp\/v2\/media?parent=1611"}],"curies":[{"name":"wp","href":"https:\/\/api.w.org\/{rel}","templated":true}]}}