{"id":1145,"date":"2019-10-30T11:33:58","date_gmt":"2019-10-30T10:33:58","guid":{"rendered":"http:\/\/www.rodzice.wiwi.pl\/?page_id=1145"},"modified":"2022-01-24T21:46:09","modified_gmt":"2022-01-24T20:46:09","slug":"1-dla-opp","status":"publish","type":"page","link":"https:\/\/rodziceszkole.edu.pl\/en\/1-dla-opp\/","title":{"rendered":"1% dla OPP"},"content":{"rendered":"<p>\n<strong>Przeka\u017c 1 % podatku\ndochodowego Fundacji \u201eRodzice Szkole\u201d<\/strong><\/p>\n\n\n\n<p><em>Szanowni\nPa\u0144stwo,<\/em><br>\nRodzice,\nNauczyciele, Dyrektorzy Szk\u00f3\u0142, Przyjaciele Fundacji \u201eRodzice\nSzkole\u201d- wszyscy dla kt\u00f3rych nasze idea\u0142y i realizowane w oparciu\no nie programy, s\u0142u\u017c\u0105ce uspo\u0142ecznieniu polskiej o\u015bwiaty, s\u0105\nbliskie.<\/p>\n\n\n\n<p>Je\u015bli\nchcecie aby Wasze dzieci uczy\u0142y si\u0119 w dobrej szkole przeka\u017ccie nam\n1% swojego podatku dochodowego za rok 2021 wpisuj\u0105c do rocznego\nrozliczenia podatkowego PIT numer <strong>KRS:\n0000268115<\/strong><\/p>\n\n\n\n<p>Fundacja\n\u201eRodzice Szkole:<\/p>\n\n\n\n<ul class=\"wp-block-list\"><li>\n\tpomaga wszystkim, kt\u00f3rzy\n\tbudow\u0119 nowoczesnego systemu edukacji traktuj\u0105 jako najwa\u017cniejsze\n\tzadanie obywateli i pa\u0144stwa,\n<\/li><\/ul>\n\n\n\n<ul class=\"wp-block-list\"><li>\n\trealizuje programy edukacyjne\n\tdla rodzic\u00f3w, nauczycieli i uczni\u00f3w,\n<\/li><\/ul>\n\n\n\n<ul class=\"wp-block-list\"><li>\n\tprowadzi Punkt Konsultacyjny\n\ti szkolenia dla rodzic\u00f3w, rad rodzic\u00f3w, dyrektor\u00f3w szk\u00f3\u0142,\n\tnauczycieli, samorz\u0105d\u00f3w uczniowskich i samorz\u0105d\u00f3w\n\tterytorialnych<br>\n<br>\n                                <em>Z\n\tg\u00f3ry dzi\u0119kuj\u0105c za dar serca, \u0142\u0105czymy wyrazy szacunku<\/em><br>\n\n\t                                        Rada i Zarz\u0105d Fundacji\n\t\u201eRodzice Szkole\u201d\n<\/li><\/ul>\n\n\n\n<p>Warszawa,\nstycze\u0144 2022 r.<\/p>","protected":false},"excerpt":{"rendered":"<p>Przeka\u017c 1 % podatku dochodowego Fundacji \u201eRodzice Szkole\u201d Szanowni Pa\u0144stwo, Rodzice, Nauczyciele, Dyrektorzy Szk\u00f3\u0142, Przyjaciele Fundacji \u201eRodzice Szkole\u201d- wszyscy dla kt\u00f3rych nasze idea\u0142y i realizowane w<span class=\"excerpt-hellip\"> [\u2026]<\/span><\/p>\n","protected":false},"author":6,"featured_media":0,"parent":0,"menu_order":0,"comment_status":"open","ping_status":"closed","template":"","meta":{"footnotes":""},"class_list":["post-1145","page","type-page","status-publish","hentry"],"_links":{"self":[{"href":"https:\/\/rodziceszkole.edu.pl\/en\/wp-json\/wp\/v2\/pages\/1145","targetHints":{"allow":["GET"]}}],"collection":[{"href":"https:\/\/rodziceszkole.edu.pl\/en\/wp-json\/wp\/v2\/pages"}],"about":[{"href":"https:\/\/rodziceszkole.edu.pl\/en\/wp-json\/wp\/v2\/types\/page"}],"author":[{"embeddable":true,"href":"https:\/\/rodziceszkole.edu.pl\/en\/wp-json\/wp\/v2\/users\/6"}],"replies":[{"embeddable":true,"href":"https:\/\/rodziceszkole.edu.pl\/en\/wp-json\/wp\/v2\/comments?post=1145"}],"version-history":[{"count":3,"href":"https:\/\/rodziceszkole.edu.pl\/en\/wp-json\/wp\/v2\/pages\/1145\/revisions"}],"predecessor-version":[{"id":2209,"href":"https:\/\/rodziceszkole.edu.pl\/en\/wp-json\/wp\/v2\/pages\/1145\/revisions\/2209"}],"wp:attachment":[{"href":"https:\/\/rodziceszkole.edu.pl\/en\/wp-json\/wp\/v2\/media?parent=1145"}],"curies":[{"name":"wp","href":"https:\/\/api.w.org\/{rel}","templated":true}]}}