{"id":1102,"date":"2019-10-30T09:16:39","date_gmt":"2019-10-30T08:16:39","guid":{"rendered":"http:\/\/www.rodzice.wiwi.pl\/?page_id=1102"},"modified":"2020-01-17T09:29:04","modified_gmt":"2020-01-17T08:29:04","slug":"kompetencje","status":"publish","type":"page","link":"https:\/\/rodziceszkole.edu.pl\/en\/kompetencje\/","title":{"rendered":"Kompetencje"},"content":{"rendered":"<p>\n\nRada rodzic\u00f3w:<\/p>\n\n\n\n<p>&#8211; uchwala w porozumieniu z rad\u0105 pedagogiczn\u0105 program wychowawczy i program profilaktyki szko\u0142y<br>&#8211; wyra\u017ca zgod\u0119 na dzia\u0142alno\u015b\u0107 w szkole stowarzysze\u0144 i innych organizacji<br>&#8211; uczestniczy w ocenie pracy nauczycieli i dyrektora szko\u0142y<br>&#8211; opiniuje dorobek zawodowy nauczycieli ubiegaj\u0105cych si\u0119 o wy\u017cszy stopie\u0144 awansu zawodowego<br>&#8211; bierze udzia\u0142 w komisji konkursowej wybieraj\u0105cej dyrektora szko\u0142y<br>&#8211; gromadzi fundusze z dobrowolnych sk\u0142adek rodzic\u00f3w oraz innych \u017ar\u00f3de\u0142 przeznaczane na dzia\u0142alno\u015b\u0107 statutow\u0105 szko\u0142y<br>&#8211; opiniuje projekt planu finansowego przygotowanego przez dyrektora szko\u0142y<br>&#8211; wyst\u0119puje do dyrektora i innych organ\u00f3w szko\u0142y, organu prowadz\u0105cego szko\u0142\u0119 i organu sprawuj\u0105cego nadz\u00f3r pedagogiczny z wnioskami i opiniami w sprawach dotycz\u0105cych szko\u0142y. <\/p>","protected":false},"excerpt":{"rendered":"<p>Rada rodzic\u00f3w: &#8211; uchwala w porozumieniu z rad\u0105 pedagogiczn\u0105 program wychowawczy i program profilaktyki szko\u0142y&#8211; wyra\u017ca zgod\u0119 na dzia\u0142alno\u015b\u0107 w szkole stowarzysze\u0144 i innych organizacji&#8211; uczestniczy<span class=\"excerpt-hellip\"> [\u2026]<\/span><\/p>\n","protected":false},"author":6,"featured_media":0,"parent":0,"menu_order":0,"comment_status":"open","ping_status":"closed","template":"","meta":{"footnotes":""},"class_list":["post-1102","page","type-page","status-publish","hentry"],"_links":{"self":[{"href":"https:\/\/rodziceszkole.edu.pl\/en\/wp-json\/wp\/v2\/pages\/1102","targetHints":{"allow":["GET"]}}],"collection":[{"href":"https:\/\/rodziceszkole.edu.pl\/en\/wp-json\/wp\/v2\/pages"}],"about":[{"href":"https:\/\/rodziceszkole.edu.pl\/en\/wp-json\/wp\/v2\/types\/page"}],"author":[{"embeddable":true,"href":"https:\/\/rodziceszkole.edu.pl\/en\/wp-json\/wp\/v2\/users\/6"}],"replies":[{"embeddable":true,"href":"https:\/\/rodziceszkole.edu.pl\/en\/wp-json\/wp\/v2\/comments?post=1102"}],"version-history":[{"count":2,"href":"https:\/\/rodziceszkole.edu.pl\/en\/wp-json\/wp\/v2\/pages\/1102\/revisions"}],"predecessor-version":[{"id":1293,"href":"https:\/\/rodziceszkole.edu.pl\/en\/wp-json\/wp\/v2\/pages\/1102\/revisions\/1293"}],"wp:attachment":[{"href":"https:\/\/rodziceszkole.edu.pl\/en\/wp-json\/wp\/v2\/media?parent=1102"}],"curies":[{"name":"wp","href":"https:\/\/api.w.org\/{rel}","templated":true}]}}