{"id":1076,"date":"2019-10-29T11:37:36","date_gmt":"2019-10-29T10:37:36","guid":{"rendered":"http:\/\/www.rodzice.wiwi.pl\/?page_id=1076"},"modified":"2025-12-10T10:28:34","modified_gmt":"2025-12-10T09:28:34","slug":"1-dla-twojej-szkoly","status":"publish","type":"page","link":"https:\/\/rodziceszkole.edu.pl\/en\/1-dla-twojej-szkoly\/","title":{"rendered":"1,5% dla Twojej szko\u0142y"},"content":{"rendered":"<h4 class=\"wp-block-heading\"><strong>Rady Rodzic\u00f3w, Dyrektorzy Szk\u00f3\u0142, Rady Pedagogiczne<\/strong><\/h4>\n\n\n\n<h3 class=\"wp-block-heading\">Szanowni Pa\u0144stwo,<\/h3>\n\n\n\n<p><br> Przed 10 laty rozpocz\u0119li\u015bmy program 1% (obecnie 1,5%) dla Twojej szko\u0142y. Z roku na rok<br> liczba rad rodzic\u00f3w zainteresowanych t\u0105 form\u0105 pozyskiwania \u015brodk\u00f3w na dzia\u0142alno\u015b\u0107<br> statutow\u0105 szko\u0142y zwi\u0119ksza\u0142a si\u0119 (od kilkunastu w roku 2014 do ponad 200 w roku 2022),<br> a kwoty przez nie gromadzone wzros\u0142y od kilkunastu tysi\u0119cy z\u0142 do 800 tysi\u0119cy z\u0142.<\/p>\n\n\n\n<p>\u017byczymy wszystkim uczestnikom \u017cycia szkolnego wiele rado\u015bci i sukces\u00f3w z nauki oraz<br> nawi\u0105zania nowych przyja\u017ani i znajomo\u015bci (kt\u00f3re s\u0105 r\u00f3wnie wa\u017cne jak oceny z poszczeg\u00f3lnych  przedmiot\u00f3w) w roku szkolnym 2024\/2025.<\/p>\n\n\n\n<p>Jednocze\u015bnie informujemy, \u017ce wsp\u00f3\u0142praca z inn\u0105 fundacj\u0105, kt\u00f3ra rok temu mia\u0142a nas zast\u0105pi\u0107 w organizacji programu w ubieg\u0142ym roku, okaza\u0142a si\u0119 pomy\u0142k\u0105. Dlatego wracamy do akcji, aby\u015bcie mogli uczciwie i bezpiecznie zbiera\u0107 \u015brodki dla Rad Rodzic\u00f3w.<\/p>\n\n\n\n<p><br> Z wyrazami szacunku<br><strong> Wojciech Starzy\u0144ski<\/strong><br> Prezes Zarz\u0105du Fundacji \u201eRodzice Szkole\u201d<\/p>\n\n\n\n<p><\/p>\n\n\n<p><a href=\"http:\/\/rodziceszkole.edu.pl\/wp-content\/uploads\/2024\/11\/Porozumienie-1.5-procent-2024.docx\" data-wplink-edit=\"true\">POROZUMIENIE<\/a><\/p>\n<p>\u00a0<\/p>\n<p><strong>Wykaz rad rodzic\u00f3w bior\u0105cych udzia\u0142 w programie \u201e1,5% dla Twojej szko\u0142y\u201d w roku 2024 (rozliczenie podatku dochodowego za rok 2024 ) &#8211; stan na 06.01.2025 r.<\/strong><\/p>\n<p>\u00a0<\/p>\n\n\n<figure class=\"wp-block-gallery columns-2 is-cropped wp-block-gallery-1 is-layout-flex wp-block-gallery-is-layout-flex\"><ul class=\"blocks-gallery-grid\"><li class=\"blocks-gallery-item\"><figure><img loading=\"lazy\" decoding=\"async\" width=\"724\" height=\"1024\" src=\"http:\/\/rodziceszkole.edu.pl\/wp-content\/uploads\/2025\/01\/lista-1-1-724x1024.jpg\" alt=\"\" data-id=\"2548\" data-full-url=\"http:\/\/rodziceszkole.edu.pl\/wp-content\/uploads\/2025\/01\/lista-1-1.jpg\" data-link=\"http:\/\/rodziceszkole.edu.pl\/lista-1-2\/\" class=\"wp-image-2548\" srcset=\"https:\/\/rodziceszkole.edu.pl\/wp-content\/uploads\/2025\/01\/lista-1-1-724x1024.jpg 724w, https:\/\/rodziceszkole.edu.pl\/wp-content\/uploads\/2025\/01\/lista-1-1-212x300.jpg 212w, https:\/\/rodziceszkole.edu.pl\/wp-content\/uploads\/2025\/01\/lista-1-1-768x1086.jpg 768w, https:\/\/rodziceszkole.edu.pl\/wp-content\/uploads\/2025\/01\/lista-1-1-1086x1536.jpg 1086w, https:\/\/rodziceszkole.edu.pl\/wp-content\/uploads\/2025\/01\/lista-1-1-1448x2048.jpg 1448w, https:\/\/rodziceszkole.edu.pl\/wp-content\/uploads\/2025\/01\/lista-1-1-103x146.jpg 103w, https:\/\/rodziceszkole.edu.pl\/wp-content\/uploads\/2025\/01\/lista-1-1-35x50.jpg 35w, https:\/\/rodziceszkole.edu.pl\/wp-content\/uploads\/2025\/01\/lista-1-1-53x75.jpg 53w, https:\/\/rodziceszkole.edu.pl\/wp-content\/uploads\/2025\/01\/lista-1-1.jpg 1587w\" sizes=\"auto, (max-width: 724px) 100vw, 724px\" \/><\/figure><\/li><li class=\"blocks-gallery-item\"><figure><img loading=\"lazy\" decoding=\"async\" width=\"724\" height=\"1024\" src=\"http:\/\/rodziceszkole.edu.pl\/wp-content\/uploads\/2025\/03\/LISTA-2-724x1024.jpg\" alt=\"\" data-id=\"2566\" data-full-url=\"http:\/\/rodziceszkole.edu.pl\/wp-content\/uploads\/2025\/03\/LISTA-2.jpg\" data-link=\"http:\/\/rodziceszkole.edu.pl\/lista-2-2\/\" class=\"wp-image-2566\" srcset=\"https:\/\/rodziceszkole.edu.pl\/wp-content\/uploads\/2025\/03\/LISTA-2-724x1024.jpg 724w, https:\/\/rodziceszkole.edu.pl\/wp-content\/uploads\/2025\/03\/LISTA-2-212x300.jpg 212w, https:\/\/rodziceszkole.edu.pl\/wp-content\/uploads\/2025\/03\/LISTA-2-768x1086.jpg 768w, https:\/\/rodziceszkole.edu.pl\/wp-content\/uploads\/2025\/03\/LISTA-2-1086x1536.jpg 1086w, https:\/\/rodziceszkole.edu.pl\/wp-content\/uploads\/2025\/03\/LISTA-2-1448x2048.jpg 1448w, https:\/\/rodziceszkole.edu.pl\/wp-content\/uploads\/2025\/03\/LISTA-2-103x146.jpg 103w, https:\/\/rodziceszkole.edu.pl\/wp-content\/uploads\/2025\/03\/LISTA-2-35x50.jpg 35w, https:\/\/rodziceszkole.edu.pl\/wp-content\/uploads\/2025\/03\/LISTA-2-53x75.jpg 53w, https:\/\/rodziceszkole.edu.pl\/wp-content\/uploads\/2025\/03\/LISTA-2.jpg 1587w\" sizes=\"auto, (max-width: 724px) 100vw, 724px\" \/><\/figure><\/li><\/ul><\/figure>\n\n\n<p><a href=\"http:\/\/rodziceszkole.edu.pl\/wp-content\/uploads\/2020\/04\/wykaz-rad-rodzicow-1-proc-podatku-2013-19.pdf\">Je\u017celi jeste\u015b ciekaw, kt\u00f3re rady rodzic\u00f3w bra\u0142y udzia\u0142 w programie w latach 2013-19, pobierz plik<\/a>.<\/p>","protected":false},"excerpt":{"rendered":"<p>Rady Rodzic\u00f3w, Dyrektorzy Szk\u00f3\u0142, Rady Pedagogiczne Szanowni Pa\u0144stwo, Przed 10 laty rozpocz\u0119li\u015bmy program 1% (obecnie 1,5%) dla Twojej szko\u0142y. Z roku na rok liczba rad rodzic\u00f3w<span class=\"excerpt-hellip\"> [\u2026]<\/span><\/p>\n","protected":false},"author":6,"featured_media":0,"parent":0,"menu_order":0,"comment_status":"open","ping_status":"closed","template":"","meta":{"footnotes":""},"class_list":["post-1076","page","type-page","status-publish","hentry"],"_links":{"self":[{"href":"https:\/\/rodziceszkole.edu.pl\/en\/wp-json\/wp\/v2\/pages\/1076","targetHints":{"allow":["GET"]}}],"collection":[{"href":"https:\/\/rodziceszkole.edu.pl\/en\/wp-json\/wp\/v2\/pages"}],"about":[{"href":"https:\/\/rodziceszkole.edu.pl\/en\/wp-json\/wp\/v2\/types\/page"}],"author":[{"embeddable":true,"href":"https:\/\/rodziceszkole.edu.pl\/en\/wp-json\/wp\/v2\/users\/6"}],"replies":[{"embeddable":true,"href":"https:\/\/rodziceszkole.edu.pl\/en\/wp-json\/wp\/v2\/comments?post=1076"}],"version-history":[{"count":54,"href":"https:\/\/rodziceszkole.edu.pl\/en\/wp-json\/wp\/v2\/pages\/1076\/revisions"}],"predecessor-version":[{"id":2644,"href":"https:\/\/rodziceszkole.edu.pl\/en\/wp-json\/wp\/v2\/pages\/1076\/revisions\/2644"}],"wp:attachment":[{"href":"https:\/\/rodziceszkole.edu.pl\/en\/wp-json\/wp\/v2\/media?parent=1076"}],"curies":[{"name":"wp","href":"https:\/\/api.w.org\/{rel}","templated":true}]}}